{"id":4854,"date":"2023-07-06T11:40:29","date_gmt":"2023-07-06T09:40:29","guid":{"rendered":"https:\/\/www.realestate.it\/impressum\/"},"modified":"2023-07-06T11:55:19","modified_gmt":"2023-07-06T09:55:19","slug":"impressum","status":"publish","type":"page","link":"https:\/\/www.realestate.it\/de\/impressum\/","title":{"rendered":"Impressum"},"content":{"rendered":"\n<p>Das Portal www.realestate.it (&#8222;REIT-Webseite&#8220;) wird betrieben bzw. zur Verf\u00fcgung gestellt von der:<\/p>\n\n<p>Real Estate Information Technology GmbH (in Kurzform: REALESTATE.IT GmbH)<br\/>Pontives 17<br\/>39040 Lajen (BZ)<br\/>E-Mail: info@realestate.it<br\/>ZEP\/PEC: reit@pec.it<br\/>UStIdNr. und Steuerkodex IT 03056170214<br\/>G. K. 10.000,- \u20ac v. l.<br\/>REA BZ-228207<br\/>SDI-Empf\u00e4nger-Code: W7YVJK9<br\/>(nachstehend auch als &#8222;Gesellschaft&#8220; bezeichnet)<\/p>\n\n<p class=\"text-justify\">Die folgenden Nutzungs- und Gesch\u00e4ftsbedingungen sind die rechtliche Grundlage f\u00fcr die Nutzung der von der REALESTATE.IT GmbH angebotenen Portale und Dienste.<\/p>\n\n<h3 class=\"gb-headline gb-headline-d44e50a2 gb-headline-text\">Beschr\u00e4nkungen der Nutzung der REIT-Webseite<\/h3>\r\n\n<p class=\"text-justify\">Die Inhalte der REIT-Webseiten ist durch das Copyright \u00a9 der Gesellschaft gesch\u00fctzt. Alle Rechte sind vorbehalten. Der gesamte Inhalt der REIT-Webseite darf ohne vorherige schriftliche Zustimmung der Gesellschaft weder ganz noch teilweise kopiert, vervielf\u00e4ltigt, \u00fcbertragen, ver\u00f6ffentlicht oder in irgendeiner Weise verbreitet werden; lediglich die Speicherung des Inhalts der REIT-Webseite auf dem Computer desjenigen, der auf sie zugreift, oder der Ausdruck von Ausz\u00fcgen der Seiten f\u00fcr den pers\u00f6nlichen Gebrauch ist gestattet.<\/p>\n\n<p class=\"text-justify\">Die Marken, Logos und sonstigen Kennzeichen, die auf der REIT-Webseite erscheinen, sind Eigentum der Gesellschaft; sie d\u00fcrfen daher in keiner Weise, in keiner Form und mit keinen Mitteln ohne vorherige schriftliche Zustimmung der Gesellschaft verwendet werden. Der Name &#8222;REALESTATE.IT&#8220; sowie jedes andere unterscheidungskr\u00e4ftige Zeichen, das die Marke &#8222;REALESTATE.IT&#8220; enth\u00e4lt, darf ohne vorherige schriftliche Zustimmung der Gesellschaft in keiner Weise als Adresse anderer Internet-Seiten oder als Teil solcher Adressen verwendet werden.<\/p>\n\n<h3 class=\"gb-headline gb-headline-6f59bb7a gb-headline-text\">Haftungsbeschr\u00e4nkungen der Gesellschaft<\/h3>\r\n\n<p class=\"text-justify\">Die Gesellschaft haftet in keinem Fall f\u00fcr direkte oder indirekte Sch\u00e4den, die sich aus der Nutzung der auf der REIT-Webseite enthaltenen Informationen ergeben. Die dort enthaltenen Informationen k\u00f6nnen technisch ungenau sein oder Schreibfehler enthalten. Die auf der REIT-Webseite enthaltenen Informationen k\u00f6nnen jederzeit und ohne vorherige Ank\u00fcndigung ge\u00e4ndert oder aktualisiert werden. Bestimmte Abschnitte der REIT-Webseite k\u00f6nnen jederzeit und ohne Vorank\u00fcndigung verbessert, ge\u00e4ndert oder gel\u00f6scht werden.<\/p>\n\n<h3 class=\"gb-headline gb-headline-88ff6b12 gb-headline-text\">Links<\/h3>\r\n\n<p class=\"text-justify\">Die Gesellschaft \u00fcbernimmt keine Verantwortung f\u00fcr Informationsinhalte und Materialien, die von Dritten in irgendeiner Weise erstellt oder ver\u00f6ffentlicht werden und zu denen die REIT-Webseite Links enth\u00e4lt. Wer beschlie\u00dft, Webseiten zu besuchen, die \u00fcber Links mit der REIT-Webseite verbunden sind, tut dies auf eigene Verantwortung und tr\u00e4gt auch die Verantwortung daf\u00fcr, alle notwendigen Ma\u00dfnahmen gegen das m\u00f6gliche Vorhandensein von Viren oder anderen Elementen zu ergreifen, die den Inhalt des Computers desjenigen, der auf solche \u00fcber Links mit der REIT-Webseite verbundenen Webseiten zugreift, besch\u00e4digen oder zerst\u00f6ren k\u00f6nnen. Die Verbindung \u00fcber Links zu anderen Webseiten bedeutet in keiner Weise, dass die Gesellschaft in irgendeiner Weise eine Beziehung des Sponsorings und\/oder der Zusammenarbeit und\/oder der Zugeh\u00f6rigkeit zu den Einrichtungen hat, die Eigent\u00fcmer und\/oder Verwalter der genannten Webseiten sind.<\/p>\n\n<h3 class=\"gb-headline gb-headline-b3cf795f gb-headline-text\">Erhaltene Informationen<\/h3>\r\n\n<p class=\"text-justify\">Jegliches Material, das der REIT-Webseite beispielsweise per E-Mail oder \u00fcber die World Wide Web-Seiten zugesandt wird, wird stets als nicht vertraulich betrachtet. Die Gesellschaft geht daher keinerlei Verpflichtung in Bezug auf dieses Material ein und kann es uneingeschr\u00e4nkt vervielf\u00e4ltigen, verwenden, offenlegen, anzeigen, umwandeln, auch zum Zwecke der Erstellung abgeleiteter Werke, und an Dritte weitergeben. Dar\u00fcber hinaus steht es dem Unternehmen frei, alle Ideen, Konzepte, das Know-how oder die technischen Kenntnisse, die in dem genannten Material enthalten sind, f\u00fcr jeden beliebigen Zweck zu nutzen, einschlie\u00dflich, aber nicht beschr\u00e4nkt auf die Entwicklung, Herstellung und Vermarktung von Produkten und\/oder Dienstleistungen, die das genannte Material enthalten.<\/p>\n\n<p class=\"text-justify\">Jeder, der Material sendet, garantiert dem Unternehmen stillschweigend, dass das Material ver\u00f6ffentlicht werden kann, und h\u00e4lt das Unternehmen daher schadlos gegen\u00fcber allen Klagen, Anfragen, Anspr\u00fcchen oder Forderungen, die von Dritten im Zusammenhang mit der Verwendung dieses Materials durch das Unternehmen erhoben werden.<\/p>\n\n<h3 class=\"gb-headline gb-headline-b281dde0 gb-headline-text\">Cookies<\/h3>\r\n\n<p class=\"text-justify\">Ein &#8222;Cookie&#8220; (d.h. eine kleine Datendatei, die manche Internetseiten w\u00e4hrend des Besuchs an die Adresse des Besuchers senden) kann sich auf der REIT-Webseite befinden, um den Weg des Besuchers durch die Webseite zu verfolgen. Wenn der Besucher der REIT-Webseite es vorzieht, keine Cookies zu erhalten, kann er seinen Browser so einstellen, dass er vor dem Vorhandensein eines Cookies gewarnt wird und dann selbst entscheiden kann, ob er ihn akzeptiert oder nicht. Es ist auch m\u00f6glich, alle Cookies automatisch abzulehnen, indem die entsprechende Option im Browser aktiviert wird.<\/p>\n\n<h3 class=\"gb-headline gb-headline-f8ac4c69 gb-headline-text\">Anwendbares Recht und Gerichtsbarkeit<\/h3>\r\n\n<p class=\"text-justify\">Die vorliegenden Bedingungen f\u00fcr den Zugang zur REIT-Webseite unterliegen dem italienischen Recht. F\u00fcr alle Streitigkeiten, die sich aus den oben genannten Bedingungen ergeben oder in irgendeiner Weise mit ihnen zusammenh\u00e4ngen, ist ausschlie\u00dflich das Gericht von Bozen zust\u00e4ndig. Die Gesellschaft beh\u00e4lt sich das Recht vor, in jedem Fall, wenn sie es f\u00fcr notwendig h\u00e4lt, vor den Gerichten anderer L\u00e4nder oder anderer St\u00e4dte als Bozen zu klagen, um ihre Interessen zu sch\u00fctzen und ihre Rechte durchzusetzen.<\/p>\n\n<p class=\"text-justify\">Bitte beachten Sie die verschiedenen zus\u00e4tzlichen und spezifischen Datenschutz-, Interessenkonflikt- und Betrugsbek\u00e4mpfungsrichtlinien sowie die Dienste-spezifischen Bedingungen und BGB.<\/p>\n\n<p>Letzte \u00c4nderung: 6. Juli 2023<\/p>\n","protected":false},"excerpt":{"rendered":"<p>Das Portal www.realestate.it (&#8222;REIT-Webseite&#8220;) wird betrieben bzw. zur Verf\u00fcgung gestellt von der: Real Estate Information Technology GmbH (in Kurzform: REALESTATE.IT GmbH)Pontives 1739040 Lajen (BZ)E-Mail: info@realestate.itZEP\/PEC: reit@pec.itUStIdNr. und Steuerkodex IT 03056170214G. K. 10.000,- \u20ac v. l.REA BZ-228207SDI-Empf\u00e4nger-Code: W7YVJK9(nachstehend auch als &#8222;Gesellschaft&#8220; bezeichnet) Die folgenden Nutzungs- und Gesch\u00e4ftsbedingungen sind die rechtliche Grundlage f\u00fcr die Nutzung der von &#8230; <a title=\"Impressum\" class=\"read-more\" href=\"https:\/\/www.realestate.it\/de\/impressum\/\" aria-label=\"Mehr Informationen \u00fcber Impressum\">Mehr erfahren<\/a><\/p>\n","protected":false},"author":1,"featured_media":0,"parent":0,"menu_order":0,"comment_status":"closed","ping_status":"closed","template":"","meta":{"_import_markdown_pro_load_document_selector":0,"_import_markdown_pro_submit_text_textarea":"","footnotes":""},"class_list":["post-4854","page","type-page","status-publish"],"yoast_head":"<!-- This site is optimized with the Yoast SEO plugin v26.7 - https:\/\/yoast.com\/wordpress\/plugins\/seo\/ -->\n<title>Impressum &#8226; Real Estate<\/title>\n<meta name=\"robots\" content=\"index, follow, max-snippet:-1, max-image-preview:large, max-video-preview:-1\" \/>\n<link rel=\"canonical\" href=\"https:\/\/www.realestate.it\/de\/impressum\/\" \/>\n<meta property=\"og:locale\" content=\"de_DE\" \/>\n<meta property=\"og:type\" content=\"article\" \/>\n<meta property=\"og:title\" content=\"Impressum &#8226; Real Estate\" \/>\n<meta property=\"og:description\" content=\"Das Portal www.realestate.it (&#8222;REIT-Webseite&#8220;) wird betrieben bzw. zur Verf\u00fcgung gestellt von der: Real Estate Information Technology GmbH (in Kurzform: REALESTATE.IT GmbH)Pontives 1739040 Lajen (BZ)E-Mail: info@realestate.itZEP\/PEC: reit@pec.itUStIdNr. und Steuerkodex IT 03056170214G. K. 10.000,- \u20ac v. l.REA BZ-228207SDI-Empf\u00e4nger-Code: W7YVJK9(nachstehend auch als &#8222;Gesellschaft&#8220; bezeichnet) Die folgenden Nutzungs- und Gesch\u00e4ftsbedingungen sind die rechtliche Grundlage f\u00fcr die Nutzung der von ... Mehr erfahren\" \/>\n<meta property=\"og:url\" content=\"https:\/\/www.realestate.it\/de\/impressum\/\" \/>\n<meta property=\"og:site_name\" content=\"Real Estate\" \/>\n<meta property=\"article:publisher\" content=\"https:\/\/www.facebook.com\/realestatecrowd\" \/>\n<meta property=\"article:modified_time\" content=\"2023-07-06T09:55:19+00:00\" \/>\n<meta property=\"og:image\" content=\"https:\/\/www.realestate.it\/wp-content\/uploads\/2019\/10\/patrick-tomasso-gMes5dNykus-unsplash-scaled.jpg\" \/>\n\t<meta property=\"og:image:width\" content=\"2560\" \/>\n\t<meta property=\"og:image:height\" content=\"1922\" \/>\n\t<meta property=\"og:image:type\" content=\"image\/jpeg\" \/>\n<meta name=\"twitter:card\" content=\"summary_large_image\" \/>\n<meta name=\"twitter:site\" content=\"@realestateit\" \/>\n<meta name=\"twitter:label1\" content=\"Gesch\u00e4tzte Lesezeit\" \/>\n\t<meta name=\"twitter:data1\" content=\"4\u00a0Minuten\" \/>\n<script type=\"application\/ld+json\" class=\"yoast-schema-graph\">{\"@context\":\"https:\/\/schema.org\",\"@graph\":[{\"@type\":\"WebPage\",\"@id\":\"https:\/\/www.realestate.it\/de\/impressum\/\",\"url\":\"https:\/\/www.realestate.it\/de\/impressum\/\",\"name\":\"Impressum &#8226; Real Estate\",\"isPartOf\":{\"@id\":\"https:\/\/www.realestate.it\/de\/#website\"},\"datePublished\":\"2023-07-06T09:40:29+00:00\",\"dateModified\":\"2023-07-06T09:55:19+00:00\",\"breadcrumb\":{\"@id\":\"https:\/\/www.realestate.it\/de\/impressum\/#breadcrumb\"},\"inLanguage\":\"de\",\"potentialAction\":[{\"@type\":\"ReadAction\",\"target\":[\"https:\/\/www.realestate.it\/de\/impressum\/\"]}]},{\"@type\":\"BreadcrumbList\",\"@id\":\"https:\/\/www.realestate.it\/de\/impressum\/#breadcrumb\",\"itemListElement\":[{\"@type\":\"ListItem\",\"position\":1,\"name\":\"Home\",\"item\":\"https:\/\/www.realestate.it\/de\/\"},{\"@type\":\"ListItem\",\"position\":2,\"name\":\"Impressum\"}]},{\"@type\":\"WebSite\",\"@id\":\"https:\/\/www.realestate.it\/de\/#website\",\"url\":\"https:\/\/www.realestate.it\/de\/\",\"name\":\"Real Estate\",\"description\":\"Investire nell'immobiliare\",\"publisher\":{\"@id\":\"https:\/\/www.realestate.it\/de\/#organization\"},\"alternateName\":\"RealEstate.IT\",\"potentialAction\":[{\"@type\":\"SearchAction\",\"target\":{\"@type\":\"EntryPoint\",\"urlTemplate\":\"https:\/\/www.realestate.it\/de\/?s={search_term_string}\"},\"query-input\":{\"@type\":\"PropertyValueSpecification\",\"valueRequired\":true,\"valueName\":\"search_term_string\"}}],\"inLanguage\":\"de\"},{\"@type\":\"Organization\",\"@id\":\"https:\/\/www.realestate.it\/de\/#organization\",\"name\":\"Real Estate Information Technologies Srl\",\"alternateName\":\"RealEstate.IT Srl\",\"url\":\"https:\/\/www.realestate.it\/de\/\",\"logo\":{\"@type\":\"ImageObject\",\"inLanguage\":\"de\",\"@id\":\"https:\/\/www.realestate.it\/de\/#\/schema\/logo\/image\/\",\"url\":\"https:\/\/www.realestate.it\/wp-content\/uploads\/2024\/05\/cropped-reit-jewel-big-darkgrey_BG_inverted.png\",\"contentUrl\":\"https:\/\/www.realestate.it\/wp-content\/uploads\/2024\/05\/cropped-reit-jewel-big-darkgrey_BG_inverted.png\",\"width\":512,\"height\":512,\"caption\":\"Real Estate Information Technologies Srl\"},\"image\":{\"@id\":\"https:\/\/www.realestate.it\/de\/#\/schema\/logo\/image\/\"},\"sameAs\":[\"https:\/\/www.facebook.com\/realestatecrowd\",\"https:\/\/x.com\/realestateit\"]}]}<\/script>\n<!-- \/ Yoast SEO plugin. -->","yoast_head_json":{"title":"Impressum &#8226; Real Estate","robots":{"index":"index","follow":"follow","max-snippet":"max-snippet:-1","max-image-preview":"max-image-preview:large","max-video-preview":"max-video-preview:-1"},"canonical":"https:\/\/www.realestate.it\/de\/impressum\/","og_locale":"de_DE","og_type":"article","og_title":"Impressum &#8226; Real Estate","og_description":"Das Portal www.realestate.it (&#8222;REIT-Webseite&#8220;) wird betrieben bzw. zur Verf\u00fcgung gestellt von der: Real Estate Information Technology GmbH (in Kurzform: REALESTATE.IT GmbH)Pontives 1739040 Lajen (BZ)E-Mail: info@realestate.itZEP\/PEC: reit@pec.itUStIdNr. und Steuerkodex IT 03056170214G. K. 10.000,- \u20ac v. l.REA BZ-228207SDI-Empf\u00e4nger-Code: W7YVJK9(nachstehend auch als &#8222;Gesellschaft&#8220; bezeichnet) Die folgenden Nutzungs- und Gesch\u00e4ftsbedingungen sind die rechtliche Grundlage f\u00fcr die Nutzung der von ... Mehr erfahren","og_url":"https:\/\/www.realestate.it\/de\/impressum\/","og_site_name":"Real Estate","article_publisher":"https:\/\/www.facebook.com\/realestatecrowd","article_modified_time":"2023-07-06T09:55:19+00:00","og_image":[{"width":2560,"height":1922,"url":"https:\/\/www.realestate.it\/wp-content\/uploads\/2019\/10\/patrick-tomasso-gMes5dNykus-unsplash-scaled.jpg","type":"image\/jpeg"}],"twitter_card":"summary_large_image","twitter_site":"@realestateit","twitter_misc":{"Gesch\u00e4tzte Lesezeit":"4\u00a0Minuten"},"schema":{"@context":"https:\/\/schema.org","@graph":[{"@type":"WebPage","@id":"https:\/\/www.realestate.it\/de\/impressum\/","url":"https:\/\/www.realestate.it\/de\/impressum\/","name":"Impressum &#8226; Real Estate","isPartOf":{"@id":"https:\/\/www.realestate.it\/de\/#website"},"datePublished":"2023-07-06T09:40:29+00:00","dateModified":"2023-07-06T09:55:19+00:00","breadcrumb":{"@id":"https:\/\/www.realestate.it\/de\/impressum\/#breadcrumb"},"inLanguage":"de","potentialAction":[{"@type":"ReadAction","target":["https:\/\/www.realestate.it\/de\/impressum\/"]}]},{"@type":"BreadcrumbList","@id":"https:\/\/www.realestate.it\/de\/impressum\/#breadcrumb","itemListElement":[{"@type":"ListItem","position":1,"name":"Home","item":"https:\/\/www.realestate.it\/de\/"},{"@type":"ListItem","position":2,"name":"Impressum"}]},{"@type":"WebSite","@id":"https:\/\/www.realestate.it\/de\/#website","url":"https:\/\/www.realestate.it\/de\/","name":"Real Estate","description":"Investire nell'immobiliare","publisher":{"@id":"https:\/\/www.realestate.it\/de\/#organization"},"alternateName":"RealEstate.IT","potentialAction":[{"@type":"SearchAction","target":{"@type":"EntryPoint","urlTemplate":"https:\/\/www.realestate.it\/de\/?s={search_term_string}"},"query-input":{"@type":"PropertyValueSpecification","valueRequired":true,"valueName":"search_term_string"}}],"inLanguage":"de"},{"@type":"Organization","@id":"https:\/\/www.realestate.it\/de\/#organization","name":"Real Estate Information Technologies Srl","alternateName":"RealEstate.IT Srl","url":"https:\/\/www.realestate.it\/de\/","logo":{"@type":"ImageObject","inLanguage":"de","@id":"https:\/\/www.realestate.it\/de\/#\/schema\/logo\/image\/","url":"https:\/\/www.realestate.it\/wp-content\/uploads\/2024\/05\/cropped-reit-jewel-big-darkgrey_BG_inverted.png","contentUrl":"https:\/\/www.realestate.it\/wp-content\/uploads\/2024\/05\/cropped-reit-jewel-big-darkgrey_BG_inverted.png","width":512,"height":512,"caption":"Real Estate Information Technologies Srl"},"image":{"@id":"https:\/\/www.realestate.it\/de\/#\/schema\/logo\/image\/"},"sameAs":["https:\/\/www.facebook.com\/realestatecrowd","https:\/\/x.com\/realestateit"]}]}},"_links":{"self":[{"href":"https:\/\/www.realestate.it\/de\/wp-json\/wp\/v2\/pages\/4854","targetHints":{"allow":["GET"]}}],"collection":[{"href":"https:\/\/www.realestate.it\/de\/wp-json\/wp\/v2\/pages"}],"about":[{"href":"https:\/\/www.realestate.it\/de\/wp-json\/wp\/v2\/types\/page"}],"author":[{"embeddable":true,"href":"https:\/\/www.realestate.it\/de\/wp-json\/wp\/v2\/users\/1"}],"replies":[{"embeddable":true,"href":"https:\/\/www.realestate.it\/de\/wp-json\/wp\/v2\/comments?post=4854"}],"version-history":[{"count":4,"href":"https:\/\/www.realestate.it\/de\/wp-json\/wp\/v2\/pages\/4854\/revisions"}],"predecessor-version":[{"id":4860,"href":"https:\/\/www.realestate.it\/de\/wp-json\/wp\/v2\/pages\/4854\/revisions\/4860"}],"wp:attachment":[{"href":"https:\/\/www.realestate.it\/de\/wp-json\/wp\/v2\/media?parent=4854"}],"curies":[{"name":"wp","href":"https:\/\/api.w.org\/{rel}","templated":true}]}}