{"id":6480,"date":"2019-12-05T17:59:33","date_gmt":"2019-12-05T16:59:33","guid":{"rendered":"https:\/\/www.realestate.it\/policy-antifrode\/"},"modified":"2019-12-05T17:59:33","modified_gmt":"2019-12-05T16:59:33","slug":"policy-antifrode","status":"publish","type":"page","link":"https:\/\/www.realestate.it\/de\/policy-antifrode\/","title":{"rendered":"Policy antifrode"},"content":{"rendered":"\n<p>Policy antifrode<\/p>\n\n\n\n<div class=\"table-1\">\n<table width=\"100%\">\n<thead>\n<tr>\n<th align=\"left\">ID documento:<\/th>\n<th align=\"left\">Policy antifrode<\/th>\n<\/tr>\n<\/thead>\n<tbody>\n<tr>\n<td align=\"left\">Versione:<\/td>\n<td align=\"left\">1.0<\/td>\n<\/tr>\n<tr>\n<td align=\"left\">Data:<\/td>\n<td align=\"left\">18\/12\/2019<\/td>\n<\/tr>\n<tr>\n<td align=\"left\">Autore:<\/td>\n<td align=\"left\">Thomas Moroder<\/td>\n<\/tr>\n<tr>\n<td align=\"left\">Approvato da:<\/td>\n<td align=\"left\">Amministratori<\/td>\n<\/tr>\n<tr>\n<td align=\"left\">Riservatezza:<\/td>\n<td align=\"left\">Documento pubblico<\/td>\n<\/tr>\n<\/tbody>\n<\/table>\n<\/div>\n\n\n\n<p>L\u2019adozione di alcuni principi di comportamento specifici, da osservare nei rapporti con i terzi \u00e8 manifestazione di impegno della Societ\u00e0 la quale, in tutte le proprie attivit\u00e0 agisce in modo corretto e trasparente, con comportamenti caratterizzati da lealt\u00e0, senso di responsabilit\u00e0, buona fede e collaborazione.<\/p>\n\n\n\n<p>Per politica per la \u201cPrevenzione delle Frodi\u201d si intendono le misure messe in atto da REALESTATE.IT S.r.l., come si seguito meglio descritte e atte a prevenire:<\/p>\n\n\n\n<ol class=\"wp-block-list\">\n<li>frodi legate alla eventuale intrusione nel Portale da parte di terzi non autorizzati;<\/li>\n\n\n\n<li>frodi legate alla liceit\u00e0 dei progetti portati avanti dalle Offerenti;<\/li>\n\n\n\n<li>frodi legate alle informazioni pubblicate sul Portale;<\/li>\n\n\n\n<li>frodi legate alle transazioni finanziarie;<\/li>\n\n\n\n<li>frodi legate all\u2019utilizzo improprio da parte dell\u2019Offerente dei fondi raccolti dagli Investitori.<\/li>\n<\/ol>\n\n\n\n<p>In tale contesto REALESTATE.IT S.r.l. pone in essere le seguenti misure.<\/p>\n\n\n\n<ol class=\"wp-block-list\">\n<li><div id=\"ez-toc-container\" class=\"ez-toc-v2_0_82_2 counter-hierarchy ez-toc-counter ez-toc-grey ez-toc-container-direction\">\n<div class=\"ez-toc-title-container\">\n<p class=\"ez-toc-title\" style=\"cursor:inherit\">Inhaltsverzeichnis<\/p>\n<span class=\"ez-toc-title-toggle\"><a href=\"#\" class=\"ez-toc-pull-right ez-toc-btn ez-toc-btn-xs ez-toc-btn-default ez-toc-toggle\" aria-label=\"Toggle Table of Content\"><span class=\"ez-toc-js-icon-con\"><span class=\"\"><span class=\"eztoc-hide\" style=\"display:none;\">Toggle<\/span><span class=\"ez-toc-icon-toggle-span\"><svg style=\"fill: #999;color:#999\" xmlns=\"http:\/\/www.w3.org\/2000\/svg\" class=\"list-377408\" width=\"20px\" height=\"20px\" viewBox=\"0 0 24 24\" fill=\"none\"><path d=\"M6 6H4v2h2V6zm14 0H8v2h12V6zM4 11h2v2H4v-2zm16 0H8v2h12v-2zM4 16h2v2H4v-2zm16 0H8v2h12v-2z\" fill=\"currentColor\"><\/path><\/svg><svg style=\"fill: #999;color:#999\" class=\"arrow-unsorted-368013\" xmlns=\"http:\/\/www.w3.org\/2000\/svg\" width=\"10px\" height=\"10px\" viewBox=\"0 0 24 24\" version=\"1.2\" baseProfile=\"tiny\"><path d=\"M18.2 9.3l-6.2-6.3-6.2 6.3c-.2.2-.3.4-.3.7s.1.5.3.7c.2.2.4.3.7.3h11c.3 0 .5-.1.7-.3.2-.2.3-.5.3-.7s-.1-.5-.3-.7zM5.8 14.7l6.2 6.3 6.2-6.3c.2-.2.3-.5.3-.7s-.1-.5-.3-.7c-.2-.2-.4-.3-.7-.3h-11c-.3 0-.5.1-.7.3-.2.2-.3.5-.3.7s.1.5.3.7z\"\/><\/svg><\/span><\/span><\/span><\/a><\/span><\/div>\n<nav><ul class='ez-toc-list ez-toc-list-level-1 ' ><li class='ez-toc-page-1 ez-toc-heading-level-2'><a class=\"ez-toc-link ez-toc-heading-1\" href=\"https:\/\/www.realestate.it\/de\/policy-antifrode\/#Con_riferimento_alle_frodi_legate_alla_eventuale_intrusione_nel_Portale_da_parte_di_terzi_non_autorizzati\" >Con riferimento alle frodi legate alla eventuale intrusione nel Portale da parte di terzi non autorizzati<\/a><\/li><li class='ez-toc-page-1 ez-toc-heading-level-2'><a class=\"ez-toc-link ez-toc-heading-2\" href=\"https:\/\/www.realestate.it\/de\/policy-antifrode\/#Con_riferimento_alle_frodi_legate_alla_liceita_dei_progetti_portati_avanti_dalle_societa_Offerenti\" >Con riferimento alle frodi legate alla liceit\u00e0 dei progetti portati avanti dalle societ\u00e0 Offerenti<\/a><\/li><li class='ez-toc-page-1 ez-toc-heading-level-2'><a class=\"ez-toc-link ez-toc-heading-3\" href=\"https:\/\/www.realestate.it\/de\/policy-antifrode\/#Con_riferimento_alle_frodi_legate_alle_informazioni_pubblicate_sul_Portale\" >Con riferimento alle frodi legate alle informazioni pubblicate sul Portale<\/a><\/li><li class='ez-toc-page-1 ez-toc-heading-level-2'><a class=\"ez-toc-link ez-toc-heading-4\" href=\"https:\/\/www.realestate.it\/de\/policy-antifrode\/#Con_riferimento_alle_frodi_legate_alle_transazioni_finanziarie\" >Con riferimento alle frodi legate alle transazioni finanziarie<\/a><\/li><li class='ez-toc-page-1 ez-toc-heading-level-2'><a class=\"ez-toc-link ez-toc-heading-5\" href=\"https:\/\/www.realestate.it\/de\/policy-antifrode\/#Con_riferimento_alle_frodi_legate_allutilizzo_improprio_da_parte_dellOfferente_dei_fondi_raccolti_dagli_investitori\" >Con riferimento alle frodi legate all\u2019utilizzo improprio da parte dell\u2019Offerente dei fondi raccolti dagli investitori<\/a><\/li><\/ul><\/nav><\/div>\n<h2><span class=\"ez-toc-section\" id=\"Con_riferimento_alle_frodi_legate_alla_eventuale_intrusione_nel_Portale_da_parte_di_terzi_non_autorizzati\"><\/span>Con riferimento alle frodi legate alla eventuale intrusione nel Portale da parte di terzi non autorizzati<span class=\"ez-toc-section-end\"><\/span><\/h2><p>REALESTATE.IT S.r.l. predispone adeguati sistemi di sicurezza informatica in grado di proteggere il proprio sistema informatico da accessi esterni non autorizzati, attraverso l\u2019utilizzo di apparati firewall correttamente posizionati nella rete che consentono altres\u00ec di rilevare e tracciare qualsiasi tentativo di accesso:<\/p>\n<ul class=\"wp-block-list\">\n<li>identifica le PMI prima della pubblicazione di qualsiasi informazione sul Portale;<\/li>\n\n\n\n<li>consegna alle PMI credenziali personalizzate di accesso al Portale, da tenere riservate sotto la diretta responsabilit\u00e0 delle PMI;<\/li>\n\n\n\n<li>da corso alla valutazione del singolo progetto prima della pubblicazione sul Portale dell\u2019offerta per gli investitori.<\/li>\n<\/ul>\n<\/li>\n\n\n\n<li>\n<h2><span class=\"ez-toc-section\" id=\"Con_riferimento_alle_frodi_legate_alla_liceita_dei_progetti_portati_avanti_dalle_societa_Offerenti\"><\/span>Con riferimento alle frodi legate alla liceit\u00e0 dei progetti portati avanti dalle societ\u00e0 Offerenti<span class=\"ez-toc-section-end\"><\/span><\/h2>\n<p>REALESTATE.IT S.r.l. presenter\u00e0 preliminarmente ciascun progetto ad un proprio \u2018Comitato di valutazione\u2019 chiamato ad esprimersi sulla liceit\u00e0 del progetto, e si avvarr\u00e0 di consulenti legali al fine di accertare la liceit\u00e0 delle Offerte.<\/p>\n<\/li>\n\n\n\n<li>\n<h2><span class=\"ez-toc-section\" id=\"Con_riferimento_alle_frodi_legate_alle_informazioni_pubblicate_sul_Portale\"><\/span>Con riferimento alle frodi legate alle informazioni pubblicate sul Portale<span class=\"ez-toc-section-end\"><\/span><\/h2>\n<p>REALESTATE.IT S.r.l. effettua una verifica circa i requisiti previsti dal Regolamento CONSOB 18592\/2013 per l\u2019ammissibilit\u00e0 delle offerte sul Portale, in alcuni casi anche attraverso specifiche attivit\u00e0 di&nbsp;<i>due diligence<\/i>&nbsp;affidate a consulenti.<\/p>\n<p>Si evidenzia tuttavia che le informazioni fornite sul Portale dalle Offerenti sono di esclusiva pertinenza e responsabilit\u00e0 delle Offerenti stesse anche laddove sulle stesse sia stata eseguita una specifica attivit\u00e0 di analisi.<\/p>\n<p>REALESTATE.IT S.r.l. verificher\u00e0 che vi sia corrispondenza tra le informazioni inserite nel documento informativo e quelle rese disponibili dalla societ\u00e0 Offerente mediante la documentazione pubblicata sul Portale a supporto del singolo progetto; per quanto riguarda la documentazione relativa alle offerte delle societ\u00e0 Offerenti, si segnala infine che le stesse sono pubblicate sul Portale a seguito di una delibera di aumento di capitale effettuata dai soci della societ\u00e0 Offerente dinanzi ad un Notaio il quale, a sua volta, pone in essere i controlli di legge necessari e propedeutici alla redazione del relativo verbale.<\/p>\n<\/li>\n\n\n\n<li>\n<h2><span class=\"ez-toc-section\" id=\"Con_riferimento_alle_frodi_legate_alle_transazioni_finanziarie\"><\/span>Con riferimento alle frodi legate alle transazioni finanziarie<span class=\"ez-toc-section-end\"><\/span><\/h2>\n<p>Poich\u00e9 per le transazioni finanziarie REALESTATE.IT S.r.l. si appogger\u00e0 completamente ad operatori del sistema bancario, REALESTATE.IT S.r.l. rinvia ai presidi anti-frode predisposti da tali soggetti per dare corso al rispetto delle relative norme e regolamenti.<\/p>\n<\/li>\n\n\n\n<li>\n<h2><span class=\"ez-toc-section\" id=\"Con_riferimento_alle_frodi_legate_allutilizzo_improprio_da_parte_dellOfferente_dei_fondi_raccolti_dagli_investitori\"><\/span>Con riferimento alle frodi legate all\u2019utilizzo improprio da parte dell\u2019Offerente dei fondi raccolti dagli investitori<span class=\"ez-toc-section-end\"><\/span><\/h2>\n<p>Poich\u00e9 la societ\u00e0 Offerente ed il suo management sono unicamente responsabili dell\u2019utilizzo dei fondi raccolti dagli Investitori, REALESTATE.IT S.r.l. non pu\u00f2 compiere alcuna attivit\u00e0 di controllo in tal senso e rinvia sul punto alle attuali norme societarie e, eventualmente, penali relative alla materia.<\/p>\n<p>Tuttavia REALESTATE.IT S.r.l. richiede alla societ\u00e0 Offerente un\u2019attivit\u00e0 di informativa sull\u2019utilizzo dei fondi per un periodo di almeno 12 mesi successivi alla positiva chiusura della campagna di raccolta, anche al fine di imporre uno specifico obbligo sulla societ\u00e0 Offerente e di dissuadere la stessa da operare in maniera difforme da quanto dichiarato.<\/p>\n<p>La presente policy pu\u00f2 essere modificata ed integrata con delibera dell&#8217;organo amministrativo, anche sulla scorta dei suggerimenti e delle indicazioni provenienti Autorit\u00e0 di Vigilanza cui la Societ\u00e0 \u00e8 soggetta.<\/p>\n<\/li>\n<\/ol>\n","protected":false},"excerpt":{"rendered":"<p>Policy antifrode ID documento: Policy antifrode Versione: 1.0 Data: 18\/12\/2019 Autore: Thomas Moroder Approvato da: Amministratori Riservatezza: Documento pubblico L\u2019adozione di alcuni principi di comportamento specifici, da osservare nei rapporti con i terzi \u00e8 manifestazione di impegno della Societ\u00e0 la quale, in tutte le proprie attivit\u00e0 agisce in modo corretto e trasparente, con comportamenti caratterizzati &#8230; <a title=\"Policy antifrode\" class=\"read-more\" href=\"https:\/\/www.realestate.it\/de\/policy-antifrode\/\" aria-label=\"Mehr Informationen \u00fcber Policy antifrode\">Mehr erfahren<\/a><\/p>\n","protected":false},"author":1,"featured_media":0,"parent":0,"menu_order":0,"comment_status":"closed","ping_status":"closed","template":"","meta":{"_import_markdown_pro_load_document_selector":0,"_import_markdown_pro_submit_text_textarea":"","footnotes":""},"class_list":["post-6480","page","type-page","status-publish"],"yoast_head":"<!-- This site is optimized with the Yoast SEO plugin v27.5 - https:\/\/yoast.com\/product\/yoast-seo-wordpress\/ -->\n<title>Policy antifrode &#8226; Real Estate<\/title>\n<meta name=\"robots\" content=\"index, follow, max-snippet:-1, max-image-preview:large, max-video-preview:-1\" \/>\n<link rel=\"canonical\" href=\"https:\/\/www.realestate.it\/de\/policy-antifrode\/\" \/>\n<meta property=\"og:locale\" content=\"de_DE\" \/>\n<meta property=\"og:type\" content=\"article\" \/>\n<meta property=\"og:title\" content=\"Policy antifrode &#8226; Real Estate\" \/>\n<meta property=\"og:description\" content=\"Policy antifrode ID documento: Policy antifrode Versione: 1.0 Data: 18\/12\/2019 Autore: Thomas Moroder Approvato da: Amministratori Riservatezza: Documento pubblico L\u2019adozione di alcuni principi di comportamento specifici, da osservare nei rapporti con i terzi \u00e8 manifestazione di impegno della Societ\u00e0 la quale, in tutte le proprie attivit\u00e0 agisce in modo corretto e trasparente, con comportamenti caratterizzati ... Mehr erfahren\" \/>\n<meta property=\"og:url\" content=\"https:\/\/www.realestate.it\/de\/policy-antifrode\/\" \/>\n<meta property=\"og:site_name\" content=\"Real Estate\" \/>\n<meta property=\"article:publisher\" content=\"https:\/\/www.facebook.com\/realestatecrowd\" \/>\n<meta property=\"og:image\" content=\"https:\/\/www.realestate.it\/wp-content\/uploads\/2019\/10\/patrick-tomasso-gMes5dNykus-unsplash-scaled.jpg\" \/>\n\t<meta property=\"og:image:width\" content=\"2560\" \/>\n\t<meta property=\"og:image:height\" content=\"1922\" \/>\n\t<meta property=\"og:image:type\" content=\"image\/jpeg\" \/>\n<meta name=\"twitter:card\" content=\"summary_large_image\" \/>\n<meta name=\"twitter:site\" content=\"@realestateit\" \/>\n<meta name=\"twitter:label1\" content=\"Gesch\u00e4tzte Lesezeit\" \/>\n\t<meta name=\"twitter:data1\" content=\"3\u00a0Minuten\" \/>\n<script type=\"application\/ld+json\" class=\"yoast-schema-graph\">{\"@context\":\"https:\\\/\\\/schema.org\",\"@graph\":[{\"@type\":\"WebPage\",\"@id\":\"https:\\\/\\\/www.realestate.it\\\/de\\\/policy-antifrode\\\/\",\"url\":\"https:\\\/\\\/www.realestate.it\\\/de\\\/policy-antifrode\\\/\",\"name\":\"Policy antifrode &#8226; Real Estate\",\"isPartOf\":{\"@id\":\"https:\\\/\\\/www.realestate.it\\\/de\\\/#website\"},\"datePublished\":\"2019-12-05T16:59:33+00:00\",\"breadcrumb\":{\"@id\":\"https:\\\/\\\/www.realestate.it\\\/de\\\/policy-antifrode\\\/#breadcrumb\"},\"inLanguage\":\"de\",\"potentialAction\":[{\"@type\":\"ReadAction\",\"target\":[\"https:\\\/\\\/www.realestate.it\\\/de\\\/policy-antifrode\\\/\"]}]},{\"@type\":\"BreadcrumbList\",\"@id\":\"https:\\\/\\\/www.realestate.it\\\/de\\\/policy-antifrode\\\/#breadcrumb\",\"itemListElement\":[{\"@type\":\"ListItem\",\"position\":1,\"name\":\"Home\",\"item\":\"https:\\\/\\\/www.realestate.it\\\/de\\\/\"},{\"@type\":\"ListItem\",\"position\":2,\"name\":\"Policy antifrode\"}]},{\"@type\":\"WebSite\",\"@id\":\"https:\\\/\\\/www.realestate.it\\\/de\\\/#website\",\"url\":\"https:\\\/\\\/www.realestate.it\\\/de\\\/\",\"name\":\"Real Estate\",\"description\":\"Investire nell'immobiliare\",\"publisher\":{\"@id\":\"https:\\\/\\\/www.realestate.it\\\/de\\\/#organization\"},\"alternateName\":\"RealEstate.IT\",\"potentialAction\":[{\"@type\":\"SearchAction\",\"target\":{\"@type\":\"EntryPoint\",\"urlTemplate\":\"https:\\\/\\\/www.realestate.it\\\/de\\\/?s={search_term_string}\"},\"query-input\":{\"@type\":\"PropertyValueSpecification\",\"valueRequired\":true,\"valueName\":\"search_term_string\"}}],\"inLanguage\":\"de\"},{\"@type\":\"Organization\",\"@id\":\"https:\\\/\\\/www.realestate.it\\\/de\\\/#organization\",\"name\":\"Real Estate Information Technologies Srl\",\"alternateName\":\"RealEstate.IT Srl\",\"url\":\"https:\\\/\\\/www.realestate.it\\\/de\\\/\",\"logo\":{\"@type\":\"ImageObject\",\"inLanguage\":\"de\",\"@id\":\"https:\\\/\\\/www.realestate.it\\\/de\\\/#\\\/schema\\\/logo\\\/image\\\/\",\"url\":\"https:\\\/\\\/www.realestate.it\\\/wp-content\\\/uploads\\\/2024\\\/05\\\/cropped-reit-jewel-big-darkgrey_BG_inverted.png\",\"contentUrl\":\"https:\\\/\\\/www.realestate.it\\\/wp-content\\\/uploads\\\/2024\\\/05\\\/cropped-reit-jewel-big-darkgrey_BG_inverted.png\",\"width\":512,\"height\":512,\"caption\":\"Real Estate Information Technologies Srl\"},\"image\":{\"@id\":\"https:\\\/\\\/www.realestate.it\\\/de\\\/#\\\/schema\\\/logo\\\/image\\\/\"},\"sameAs\":[\"https:\\\/\\\/www.facebook.com\\\/realestatecrowd\",\"https:\\\/\\\/x.com\\\/realestateit\"]}]}<\/script>\n<!-- \/ Yoast SEO plugin. -->","yoast_head_json":{"title":"Policy antifrode &#8226; Real Estate","robots":{"index":"index","follow":"follow","max-snippet":"max-snippet:-1","max-image-preview":"max-image-preview:large","max-video-preview":"max-video-preview:-1"},"canonical":"https:\/\/www.realestate.it\/de\/policy-antifrode\/","og_locale":"de_DE","og_type":"article","og_title":"Policy antifrode &#8226; Real Estate","og_description":"Policy antifrode ID documento: Policy antifrode Versione: 1.0 Data: 18\/12\/2019 Autore: Thomas Moroder Approvato da: Amministratori Riservatezza: Documento pubblico L\u2019adozione di alcuni principi di comportamento specifici, da osservare nei rapporti con i terzi \u00e8 manifestazione di impegno della Societ\u00e0 la quale, in tutte le proprie attivit\u00e0 agisce in modo corretto e trasparente, con comportamenti caratterizzati ... Mehr erfahren","og_url":"https:\/\/www.realestate.it\/de\/policy-antifrode\/","og_site_name":"Real Estate","article_publisher":"https:\/\/www.facebook.com\/realestatecrowd","og_image":[{"width":2560,"height":1922,"url":"https:\/\/www.realestate.it\/wp-content\/uploads\/2019\/10\/patrick-tomasso-gMes5dNykus-unsplash-scaled.jpg","type":"image\/jpeg"}],"twitter_card":"summary_large_image","twitter_site":"@realestateit","twitter_misc":{"Gesch\u00e4tzte Lesezeit":"3\u00a0Minuten"},"schema":{"@context":"https:\/\/schema.org","@graph":[{"@type":"WebPage","@id":"https:\/\/www.realestate.it\/de\/policy-antifrode\/","url":"https:\/\/www.realestate.it\/de\/policy-antifrode\/","name":"Policy antifrode &#8226; Real Estate","isPartOf":{"@id":"https:\/\/www.realestate.it\/de\/#website"},"datePublished":"2019-12-05T16:59:33+00:00","breadcrumb":{"@id":"https:\/\/www.realestate.it\/de\/policy-antifrode\/#breadcrumb"},"inLanguage":"de","potentialAction":[{"@type":"ReadAction","target":["https:\/\/www.realestate.it\/de\/policy-antifrode\/"]}]},{"@type":"BreadcrumbList","@id":"https:\/\/www.realestate.it\/de\/policy-antifrode\/#breadcrumb","itemListElement":[{"@type":"ListItem","position":1,"name":"Home","item":"https:\/\/www.realestate.it\/de\/"},{"@type":"ListItem","position":2,"name":"Policy antifrode"}]},{"@type":"WebSite","@id":"https:\/\/www.realestate.it\/de\/#website","url":"https:\/\/www.realestate.it\/de\/","name":"Real Estate","description":"Investire nell'immobiliare","publisher":{"@id":"https:\/\/www.realestate.it\/de\/#organization"},"alternateName":"RealEstate.IT","potentialAction":[{"@type":"SearchAction","target":{"@type":"EntryPoint","urlTemplate":"https:\/\/www.realestate.it\/de\/?s={search_term_string}"},"query-input":{"@type":"PropertyValueSpecification","valueRequired":true,"valueName":"search_term_string"}}],"inLanguage":"de"},{"@type":"Organization","@id":"https:\/\/www.realestate.it\/de\/#organization","name":"Real Estate Information Technologies Srl","alternateName":"RealEstate.IT Srl","url":"https:\/\/www.realestate.it\/de\/","logo":{"@type":"ImageObject","inLanguage":"de","@id":"https:\/\/www.realestate.it\/de\/#\/schema\/logo\/image\/","url":"https:\/\/www.realestate.it\/wp-content\/uploads\/2024\/05\/cropped-reit-jewel-big-darkgrey_BG_inverted.png","contentUrl":"https:\/\/www.realestate.it\/wp-content\/uploads\/2024\/05\/cropped-reit-jewel-big-darkgrey_BG_inverted.png","width":512,"height":512,"caption":"Real Estate Information Technologies Srl"},"image":{"@id":"https:\/\/www.realestate.it\/de\/#\/schema\/logo\/image\/"},"sameAs":["https:\/\/www.facebook.com\/realestatecrowd","https:\/\/x.com\/realestateit"]}]}},"_links":{"self":[{"href":"https:\/\/www.realestate.it\/de\/wp-json\/wp\/v2\/pages\/6480","targetHints":{"allow":["GET"]}}],"collection":[{"href":"https:\/\/www.realestate.it\/de\/wp-json\/wp\/v2\/pages"}],"about":[{"href":"https:\/\/www.realestate.it\/de\/wp-json\/wp\/v2\/types\/page"}],"author":[{"embeddable":true,"href":"https:\/\/www.realestate.it\/de\/wp-json\/wp\/v2\/users\/1"}],"replies":[{"embeddable":true,"href":"https:\/\/www.realestate.it\/de\/wp-json\/wp\/v2\/comments?post=6480"}],"version-history":[{"count":0,"href":"https:\/\/www.realestate.it\/de\/wp-json\/wp\/v2\/pages\/6480\/revisions"}],"wp:attachment":[{"href":"https:\/\/www.realestate.it\/de\/wp-json\/wp\/v2\/media?parent=6480"}],"curies":[{"name":"wp","href":"https:\/\/api.w.org\/{rel}","templated":true}]}}