{"id":6477,"date":"2023-07-06T11:23:57","date_gmt":"2023-07-06T09:23:57","guid":{"rendered":"https:\/\/www.realestate.it\/note-legali\/"},"modified":"2023-07-06T11:23:57","modified_gmt":"2023-07-06T09:23:57","slug":"note-legali","status":"publish","type":"page","link":"https:\/\/www.realestate.it\/en\/note-legali\/","title":{"rendered":"Note legali"},"content":{"rendered":"\n<p>Il sito internet REALESTATE.IT (&#8220;sito REIT&#8221;) contiene servizi ed informazioni on-line forniti da:<\/p>\n\n\n\n<p>Real Estate Information Technology S.r.l. (in forma abbreviata: REALESTATE.IT Srl)<br>Via Pontives 17<br>39040 Laion (BZ)<br>Indirizzo e-mail: info@realestate.it<br>Indirizzo PEC e domicilio digitale: reit@pec.it<br>P.I. e C.F. 03056170214<br>C. S. 10.000,- \u20ac i. v.<br>REA BZ-228207<br>Codice destinatario SDI: W7YVJK9<br>(di seguito anche la &#8220;Societ\u00e0&#8221;)<\/p>\n\n\n\n<p class=\"text-justify\">Il suo utilizzo \u00e8 subordinato all\u2019accettazione, da parte di chi vi accede, delle condizioni qui di seguito stabilite; ove le stesse non siano accettate, si invita chi accede a non utilizzare il sito REIT e a non scaricare alcun materiale dallo stesso.<\/p>\n\n\n\n<div id=\"ez-toc-container\" class=\"ez-toc-v2_0_82_2 counter-hierarchy ez-toc-counter ez-toc-grey ez-toc-container-direction\">\n<div class=\"ez-toc-title-container\">\n<p class=\"ez-toc-title\" style=\"cursor:inherit\">Table of Contents<\/p>\n<span class=\"ez-toc-title-toggle\"><a href=\"#\" class=\"ez-toc-pull-right ez-toc-btn ez-toc-btn-xs ez-toc-btn-default ez-toc-toggle\" aria-label=\"Toggle Table of Content\"><span class=\"ez-toc-js-icon-con\"><span class=\"\"><span class=\"eztoc-hide\" style=\"display:none;\">Toggle<\/span><span class=\"ez-toc-icon-toggle-span\"><svg style=\"fill: #999;color:#999\" xmlns=\"http:\/\/www.w3.org\/2000\/svg\" class=\"list-377408\" width=\"20px\" height=\"20px\" viewBox=\"0 0 24 24\" fill=\"none\"><path d=\"M6 6H4v2h2V6zm14 0H8v2h12V6zM4 11h2v2H4v-2zm16 0H8v2h12v-2zM4 16h2v2H4v-2zm16 0H8v2h12v-2z\" fill=\"currentColor\"><\/path><\/svg><svg style=\"fill: #999;color:#999\" class=\"arrow-unsorted-368013\" xmlns=\"http:\/\/www.w3.org\/2000\/svg\" width=\"10px\" height=\"10px\" viewBox=\"0 0 24 24\" version=\"1.2\" baseProfile=\"tiny\"><path d=\"M18.2 9.3l-6.2-6.3-6.2 6.3c-.2.2-.3.4-.3.7s.1.5.3.7c.2.2.4.3.7.3h11c.3 0 .5-.1.7-.3.2-.2.3-.5.3-.7s-.1-.5-.3-.7zM5.8 14.7l6.2 6.3 6.2-6.3c.2-.2.3-.5.3-.7s-.1-.5-.3-.7c-.2-.2-.4-.3-.7-.3h-11c-.3 0-.5.1-.7.3-.2.2-.3.5-.3.7s.1.5.3.7z\"\/><\/svg><\/span><\/span><\/span><\/a><\/span><\/div>\n<nav><ul class='ez-toc-list ez-toc-list-level-1 ' ><li class='ez-toc-page-1 ez-toc-heading-level-3'><a class=\"ez-toc-link ez-toc-heading-1\" href=\"https:\/\/www.realestate.it\/en\/note-legali\/#Limiti_allutilizzo_del_sito_REIT\" >Limiti all&#8217;utilizzo del sito REIT<\/a><\/li><li class='ez-toc-page-1 ez-toc-heading-level-3'><a class=\"ez-toc-link ez-toc-heading-2\" href=\"https:\/\/www.realestate.it\/en\/note-legali\/#Limiti_di_responsabilita_della_Societa\" >Limiti di responsabilit\u00e0 della Societ\u00e0<\/a><\/li><li class='ez-toc-page-1 ez-toc-heading-level-3'><a class=\"ez-toc-link ez-toc-heading-3\" href=\"https:\/\/www.realestate.it\/en\/note-legali\/#Links\" >Links<\/a><\/li><li class='ez-toc-page-1 ez-toc-heading-level-3'><a class=\"ez-toc-link ez-toc-heading-4\" href=\"https:\/\/www.realestate.it\/en\/note-legali\/#Informazioni_ricevute_dal_sito_REIT\" >Informazioni ricevute dal sito REIT<\/a><\/li><li class='ez-toc-page-1 ez-toc-heading-level-3'><a class=\"ez-toc-link ez-toc-heading-5\" href=\"https:\/\/www.realestate.it\/en\/note-legali\/#Cookies\" >Cookies<\/a><\/li><li class='ez-toc-page-1 ez-toc-heading-level-3'><a class=\"ez-toc-link ez-toc-heading-6\" href=\"https:\/\/www.realestate.it\/en\/note-legali\/#Legge_e_giurisdizione\" >Legge e giurisdizione<\/a><\/li><\/ul><\/nav><\/div>\n<h3 class=\"gb-headline gb-headline-d44e50a2 gb-headline-text\"><span class=\"ez-toc-section\" id=\"Limiti_allutilizzo_del_sito_REIT\"><\/span>Limiti all&#8217;utilizzo del sito REIT<span class=\"ez-toc-section-end\"><\/span><\/h3>\n\n\n\n<p class=\"text-justify\">I contenuti delle pagine del sito REIT sono protetti da Copyright \u00a9 appartenente alla Societ\u00e0. Tutti i diritti sono riservati. Tutti i contenuti del sito REIT non possono, n\u00e9 totalmente n\u00e9 in parte, essere copiati, riprodotti, trasferiti, pubblicati e distribuiti in qualsiasi modo senza il preventivo consenso scritto della Societ\u00e0; sono consentiti unicamente l\u2019immagazzinamento dei contenuti del sito REIT nel computer di chi vi accede o la stampa di estratti delle pagine dello stesso per esclusivo utilizzo personale.<\/p>\n\n\n\n<p class=\"text-justify\">I marchi, i loghi e qualsiasi altro segno distintivo che compaiono sul sito REIT sono di propriet\u00e0 della Societ\u00e0; pertanto, gli stessi non possono essere utilizzati in alcun modo, in qualsiasi forma e nell\u2019ambito di qualsiasi mezzo senza il preventivo consenso scritto della Societ\u00e0. Il nome \u201cREALESTATE.IT\u201d cos\u00ec come qualsiasi altro segno distintivo che contenga il marchio \u201cREALESTATE.IT\u201d non possono in alcun modo essere utilizzati quali indirizzi di altri siti Internet o quali parti di tali indirizzi, senza il preventivo consenso scritto della Societ\u00e0.<\/p>\n\n\n\n<h3 class=\"gb-headline gb-headline-6f59bb7a gb-headline-text\"><span class=\"ez-toc-section\" id=\"Limiti_di_responsabilita_della_Societa\"><\/span>Limiti di responsabilit\u00e0 della Societ\u00e0<span class=\"ez-toc-section-end\"><\/span><\/h3>\n\n\n\n<p class=\"text-justify\">In nessun caso la Societ\u00e0 \u00e8 responsabile di qualsiasi danno, diretto o indiretto, che consegua all&#8217;utilizzo delle informazioni contenute nel sito REIT. Le informazioni in esso contenute potrebbero essere tecnicamente inaccurate o contenere errori tipografici. Le informazioni contenute nel sito REIT possono essere senza alcun preavviso modificate o aggiornate in qualsiasi momento e senza alcun preavviso. Alcune sezioni del sito REIT possono essere migliorate, modificate o eliminate in qualsiasi momento e senza alcun preavviso.<\/p>\n\n\n\n<h3 class=\"gb-headline gb-headline-88ff6b12 gb-headline-text\"><span class=\"ez-toc-section\" id=\"Links\"><\/span>Links<span class=\"ez-toc-section-end\"><\/span><\/h3>\n\n\n\n<p class=\"text-justify\">La Societ\u00e0 non assume alcuna responsabilit\u00e0 per contenuti informativi e materiali, realizzati o pubblicati da terzi in qualsiasi modo, rispetto ai quali il sito REIT abbia links di collegamento. Chiunque decida di visitare siti collegati tramite links al sito REIT pone in essere tale comportamento sotto la propria esclusiva responsabilit\u00e0, assumendosi anche l\u2019onere di dotarsi di tutte le misure necessarie contro l\u2019eventuale presenza di virus o di altri elementi in grado di danneggiare o distruggere i contenuti del computer di chi accede ai suddetti siti collegati tramite links al sito REIT. Il collegamento tramite links con altri siti non implica in alcun modo che la Societ\u00e0 abbia rapporti di sponsorizzazione e\/o collaborazione e\/o di affiliazione con le entit\u00e0 che siano titolari e\/o gestori dei suddetti siti.<\/p>\n\n\n\n<h3 class=\"gb-headline gb-headline-b3cf795f gb-headline-text\"><span class=\"ez-toc-section\" id=\"Informazioni_ricevute_dal_sito_REIT\"><\/span>Informazioni ricevute dal sito REIT<span class=\"ez-toc-section-end\"><\/span><\/h3>\n\n\n\n<p class=\"text-justify\">Qualsiasi materiale inviato al sito REIT, a titolo esemplificativo via e-mail o tramite le pagine World Wide Web, sar\u00e0 sempre ritenuto non confidenziale. La Societ\u00e0 pertanto non assumer\u00e0 obblighi di alcun tipo rispetto a tale materiale e sar\u00e0 quindi libera senza alcun limite di riprodurlo, utilizzarlo, rivelarlo, mostrarlo, trasformarlo, anche per realizzare eventuali opere da questo derivate, e distribuirlo a terzi. Inoltre, la Societ\u00e0 sar\u00e0 libera di utilizzare tutte le idee, concetti, know how o conoscenze tecniche contenute nel suddetto materiale per qualsiasi scopo, incluso fra l\u2019altro lo sviluppo, la produzione e la commercializzazione di prodotti e\/o servizi che contengano il materiale stesso.<\/p>\n\n\n\n<p class=\"text-justify\">Chiunque invii qualsiasi materiale garantisce implicitamente alla Societ\u00e0 che il materiale medesimo \u00e8 pubblicabile e quindi tiene indenne la Societ\u00e0 da qualsiasi azione, richiesta, pretesa, domanda avanzata di terzi in relazione all\u2019utilizzo da parte della Societ\u00e0 stessa di tale materiale.<\/p>\n\n\n\n<h3 class=\"gb-headline gb-headline-b281dde0 gb-headline-text\"><span class=\"ez-toc-section\" id=\"Cookies\"><\/span>Cookies<span class=\"ez-toc-section-end\"><\/span><\/h3>\n\n\n\n<p class=\"text-justify\">Un &#8220;cookie&#8221; (cio\u00e8 un piccolo data file che alcuni siti Internet, mentre vengono visitati, possono inviare all&#8217;indirizzo del visitatore) pu\u00f2 trovarsi nell\u2019ambito del sito REIT, al fine di tracciare i percorsi del visitatore nel sito stesso. Se chi accede al sito REIT preferisce non ricevere cookies, il visitatore pu\u00f2 impostare il proprio browser in modo tale che quest\u2019ultimo avverta della presenza di un cookie, e quindi consenta al visitatore di decidere se accettarlo o meno. Si pu\u00f2 anche rifiutare automaticamente tutti i cookies, attivando l&#8217;apposita opzione nel browser.<\/p>\n\n\n\n<h3 class=\"gb-headline gb-headline-f8ac4c69 gb-headline-text\"><span class=\"ez-toc-section\" id=\"Legge_e_giurisdizione\"><\/span>Legge e giurisdizione<span class=\"ez-toc-section-end\"><\/span><\/h3>\n\n\n\n<p class=\"text-justify\">Queste condizioni relative all\u2019accesso al sito REIT sono regolate dalla legge italiana. Ogni e qualsiasi eventuale controversia che derivi o sia comunque connessa alle sopra riportate condizioni \u00e8 di competenza esclusiva del Foro di Bolzano, Italia. La Societ\u00e0 si riserva in ogni caso, qualora lo ritenga necessario, di agire in giudizio di fronte a Tribunali di Paesi stranieri o di citt\u00e0 diverse da Bolzano per proteggere i propri interessi e far rispettare i propri diritti.<\/p>\n\n\n\n<p class=\"text-justify\">Si prega di prendere nota della varie informative aggiuntive e specifiche per quanto riguarda la privacy, i conflitti d&#8217;interesse e la policy antifrode nonch\u00e9 eventuali CGS e condizioni specifiche per singoli servizi.<\/p>\n\n\n\n<p>Ultima modifica: 6 luglio 2023<\/p>\n","protected":false},"excerpt":{"rendered":"<p>Il sito internet REALESTATE.IT (&#8220;sito REIT&#8221;) contiene servizi ed informazioni on-line forniti da: Real Estate Information Technology S.r.l. (in forma abbreviata: REALESTATE.IT Srl)Via Pontives 1739040 Laion (BZ)Indirizzo e-mail: info@realestate.itIndirizzo PEC e domicilio digitale: reit@pec.itP.I. e C.F. 03056170214C. S. 10.000,- \u20ac i. v.REA BZ-228207Codice destinatario SDI: W7YVJK9(di seguito anche la &#8220;Societ\u00e0&#8221;) Il suo utilizzo \u00e8 subordinato &#8230; <a title=\"Note legali\" class=\"read-more\" href=\"https:\/\/www.realestate.it\/en\/note-legali\/\" aria-label=\"Read more about Note legali\">Read more&#8230;<\/a><\/p>\n","protected":false},"author":1,"featured_media":0,"parent":0,"menu_order":0,"comment_status":"closed","ping_status":"closed","template":"","meta":{"_import_markdown_pro_load_document_selector":0,"_import_markdown_pro_submit_text_textarea":"","footnotes":""},"class_list":["post-6477","page","type-page","status-publish"],"yoast_head":"<!-- This site is optimized with the Yoast SEO plugin v27.5 - https:\/\/yoast.com\/product\/yoast-seo-wordpress\/ -->\n<title>Note legali &#8226; Real Estate<\/title>\n<meta name=\"robots\" content=\"index, follow, max-snippet:-1, max-image-preview:large, max-video-preview:-1\" \/>\n<link rel=\"canonical\" href=\"https:\/\/www.realestate.it\/en\/note-legali\/\" \/>\n<meta property=\"og:locale\" content=\"en_US\" \/>\n<meta property=\"og:type\" content=\"article\" \/>\n<meta property=\"og:title\" content=\"Note legali &#8226; Real Estate\" \/>\n<meta property=\"og:description\" content=\"Il sito internet REALESTATE.IT (&#8220;sito REIT&#8221;) contiene servizi ed informazioni on-line forniti da: Real Estate Information Technology S.r.l. (in forma abbreviata: REALESTATE.IT Srl)Via Pontives 1739040 Laion (BZ)Indirizzo e-mail: info@realestate.itIndirizzo PEC e domicilio digitale: reit@pec.itP.I. e C.F. 03056170214C. S. 10.000,- \u20ac i. v.REA BZ-228207Codice destinatario SDI: W7YVJK9(di seguito anche la &#8220;Societ\u00e0&#8221;) Il suo utilizzo \u00e8 subordinato ... Read more...\" \/>\n<meta property=\"og:url\" content=\"https:\/\/www.realestate.it\/en\/note-legali\/\" \/>\n<meta property=\"og:site_name\" content=\"Real Estate\" \/>\n<meta property=\"article:publisher\" content=\"https:\/\/www.facebook.com\/realestatecrowd\" \/>\n<meta property=\"og:image\" content=\"https:\/\/www.realestate.it\/wp-content\/uploads\/2019\/10\/patrick-tomasso-gMes5dNykus-unsplash-scaled.jpg\" \/>\n\t<meta property=\"og:image:width\" content=\"2560\" \/>\n\t<meta property=\"og:image:height\" content=\"1922\" \/>\n\t<meta property=\"og:image:type\" content=\"image\/jpeg\" \/>\n<meta name=\"twitter:card\" content=\"summary_large_image\" \/>\n<meta name=\"twitter:site\" content=\"@realestateit\" \/>\n<meta name=\"twitter:label1\" content=\"Est. reading time\" \/>\n\t<meta name=\"twitter:data1\" content=\"4 minutes\" \/>\n<script type=\"application\/ld+json\" class=\"yoast-schema-graph\">{\"@context\":\"https:\\\/\\\/schema.org\",\"@graph\":[{\"@type\":\"WebPage\",\"@id\":\"https:\\\/\\\/www.realestate.it\\\/en\\\/note-legali\\\/\",\"url\":\"https:\\\/\\\/www.realestate.it\\\/en\\\/note-legali\\\/\",\"name\":\"Note legali &#8226; Real Estate\",\"isPartOf\":{\"@id\":\"https:\\\/\\\/www.realestate.it\\\/en\\\/#website\"},\"datePublished\":\"2023-07-06T09:23:57+00:00\",\"breadcrumb\":{\"@id\":\"https:\\\/\\\/www.realestate.it\\\/en\\\/note-legali\\\/#breadcrumb\"},\"inLanguage\":\"en-US\",\"potentialAction\":[{\"@type\":\"ReadAction\",\"target\":[\"https:\\\/\\\/www.realestate.it\\\/en\\\/note-legali\\\/\"]}]},{\"@type\":\"BreadcrumbList\",\"@id\":\"https:\\\/\\\/www.realestate.it\\\/en\\\/note-legali\\\/#breadcrumb\",\"itemListElement\":[{\"@type\":\"ListItem\",\"position\":1,\"name\":\"Home\",\"item\":\"https:\\\/\\\/www.realestate.it\\\/en\\\/\"},{\"@type\":\"ListItem\",\"position\":2,\"name\":\"Note legali\"}]},{\"@type\":\"WebSite\",\"@id\":\"https:\\\/\\\/www.realestate.it\\\/en\\\/#website\",\"url\":\"https:\\\/\\\/www.realestate.it\\\/en\\\/\",\"name\":\"Real Estate\",\"description\":\"Investire nell&#039;immobiliare\",\"publisher\":{\"@id\":\"https:\\\/\\\/www.realestate.it\\\/en\\\/#organization\"},\"alternateName\":\"RealEstate.IT\",\"potentialAction\":[{\"@type\":\"SearchAction\",\"target\":{\"@type\":\"EntryPoint\",\"urlTemplate\":\"https:\\\/\\\/www.realestate.it\\\/en\\\/?s={search_term_string}\"},\"query-input\":{\"@type\":\"PropertyValueSpecification\",\"valueRequired\":true,\"valueName\":\"search_term_string\"}}],\"inLanguage\":\"en-US\"},{\"@type\":\"Organization\",\"@id\":\"https:\\\/\\\/www.realestate.it\\\/en\\\/#organization\",\"name\":\"Real Estate Information Technologies Srl\",\"alternateName\":\"RealEstate.IT Srl\",\"url\":\"https:\\\/\\\/www.realestate.it\\\/en\\\/\",\"logo\":{\"@type\":\"ImageObject\",\"inLanguage\":\"en-US\",\"@id\":\"https:\\\/\\\/www.realestate.it\\\/en\\\/#\\\/schema\\\/logo\\\/image\\\/\",\"url\":\"https:\\\/\\\/www.realestate.it\\\/wp-content\\\/uploads\\\/2024\\\/05\\\/cropped-reit-jewel-big-darkgrey_BG_inverted.png\",\"contentUrl\":\"https:\\\/\\\/www.realestate.it\\\/wp-content\\\/uploads\\\/2024\\\/05\\\/cropped-reit-jewel-big-darkgrey_BG_inverted.png\",\"width\":512,\"height\":512,\"caption\":\"Real Estate Information Technologies Srl\"},\"image\":{\"@id\":\"https:\\\/\\\/www.realestate.it\\\/en\\\/#\\\/schema\\\/logo\\\/image\\\/\"},\"sameAs\":[\"https:\\\/\\\/www.facebook.com\\\/realestatecrowd\",\"https:\\\/\\\/x.com\\\/realestateit\"]}]}<\/script>\n<!-- \/ Yoast SEO plugin. -->","yoast_head_json":{"title":"Note legali &#8226; Real Estate","robots":{"index":"index","follow":"follow","max-snippet":"max-snippet:-1","max-image-preview":"max-image-preview:large","max-video-preview":"max-video-preview:-1"},"canonical":"https:\/\/www.realestate.it\/en\/note-legali\/","og_locale":"en_US","og_type":"article","og_title":"Note legali &#8226; Real Estate","og_description":"Il sito internet REALESTATE.IT (&#8220;sito REIT&#8221;) contiene servizi ed informazioni on-line forniti da: Real Estate Information Technology S.r.l. (in forma abbreviata: REALESTATE.IT Srl)Via Pontives 1739040 Laion (BZ)Indirizzo e-mail: info@realestate.itIndirizzo PEC e domicilio digitale: reit@pec.itP.I. e C.F. 03056170214C. S. 10.000,- \u20ac i. v.REA BZ-228207Codice destinatario SDI: W7YVJK9(di seguito anche la &#8220;Societ\u00e0&#8221;) Il suo utilizzo \u00e8 subordinato ... Read more...","og_url":"https:\/\/www.realestate.it\/en\/note-legali\/","og_site_name":"Real Estate","article_publisher":"https:\/\/www.facebook.com\/realestatecrowd","og_image":[{"width":2560,"height":1922,"url":"https:\/\/www.realestate.it\/wp-content\/uploads\/2019\/10\/patrick-tomasso-gMes5dNykus-unsplash-scaled.jpg","type":"image\/jpeg"}],"twitter_card":"summary_large_image","twitter_site":"@realestateit","twitter_misc":{"Est. reading time":"4 minutes"},"schema":{"@context":"https:\/\/schema.org","@graph":[{"@type":"WebPage","@id":"https:\/\/www.realestate.it\/en\/note-legali\/","url":"https:\/\/www.realestate.it\/en\/note-legali\/","name":"Note legali &#8226; Real Estate","isPartOf":{"@id":"https:\/\/www.realestate.it\/en\/#website"},"datePublished":"2023-07-06T09:23:57+00:00","breadcrumb":{"@id":"https:\/\/www.realestate.it\/en\/note-legali\/#breadcrumb"},"inLanguage":"en-US","potentialAction":[{"@type":"ReadAction","target":["https:\/\/www.realestate.it\/en\/note-legali\/"]}]},{"@type":"BreadcrumbList","@id":"https:\/\/www.realestate.it\/en\/note-legali\/#breadcrumb","itemListElement":[{"@type":"ListItem","position":1,"name":"Home","item":"https:\/\/www.realestate.it\/en\/"},{"@type":"ListItem","position":2,"name":"Note legali"}]},{"@type":"WebSite","@id":"https:\/\/www.realestate.it\/en\/#website","url":"https:\/\/www.realestate.it\/en\/","name":"Real Estate","description":"Investire nell&#039;immobiliare","publisher":{"@id":"https:\/\/www.realestate.it\/en\/#organization"},"alternateName":"RealEstate.IT","potentialAction":[{"@type":"SearchAction","target":{"@type":"EntryPoint","urlTemplate":"https:\/\/www.realestate.it\/en\/?s={search_term_string}"},"query-input":{"@type":"PropertyValueSpecification","valueRequired":true,"valueName":"search_term_string"}}],"inLanguage":"en-US"},{"@type":"Organization","@id":"https:\/\/www.realestate.it\/en\/#organization","name":"Real Estate Information Technologies Srl","alternateName":"RealEstate.IT Srl","url":"https:\/\/www.realestate.it\/en\/","logo":{"@type":"ImageObject","inLanguage":"en-US","@id":"https:\/\/www.realestate.it\/en\/#\/schema\/logo\/image\/","url":"https:\/\/www.realestate.it\/wp-content\/uploads\/2024\/05\/cropped-reit-jewel-big-darkgrey_BG_inverted.png","contentUrl":"https:\/\/www.realestate.it\/wp-content\/uploads\/2024\/05\/cropped-reit-jewel-big-darkgrey_BG_inverted.png","width":512,"height":512,"caption":"Real Estate Information Technologies Srl"},"image":{"@id":"https:\/\/www.realestate.it\/en\/#\/schema\/logo\/image\/"},"sameAs":["https:\/\/www.facebook.com\/realestatecrowd","https:\/\/x.com\/realestateit"]}]}},"_links":{"self":[{"href":"https:\/\/www.realestate.it\/en\/wp-json\/wp\/v2\/pages\/6477","targetHints":{"allow":["GET"]}}],"collection":[{"href":"https:\/\/www.realestate.it\/en\/wp-json\/wp\/v2\/pages"}],"about":[{"href":"https:\/\/www.realestate.it\/en\/wp-json\/wp\/v2\/types\/page"}],"author":[{"embeddable":true,"href":"https:\/\/www.realestate.it\/en\/wp-json\/wp\/v2\/users\/1"}],"replies":[{"embeddable":true,"href":"https:\/\/www.realestate.it\/en\/wp-json\/wp\/v2\/comments?post=6477"}],"version-history":[{"count":0,"href":"https:\/\/www.realestate.it\/en\/wp-json\/wp\/v2\/pages\/6477\/revisions"}],"wp:attachment":[{"href":"https:\/\/www.realestate.it\/en\/wp-json\/wp\/v2\/media?parent=6477"}],"curies":[{"name":"wp","href":"https:\/\/api.w.org\/{rel}","templated":true}]}}